{"id":1386,"date":"2026-01-10T17:33:29","date_gmt":"2026-01-10T16:33:29","guid":{"rendered":"https:\/\/liberia-ev.de\/?post_type=product&#038;p=1386"},"modified":"2026-01-10T17:43:46","modified_gmt":"2026-01-10T16:43:46","slug":"handgestricktes-muetze-und-schal-set-aus-100-wolle-orange","status":"publish","type":"product","link":"https:\/\/liberia-ev.de\/en\/produkt\/handgestricktes-muetze-und-schal-set-aus-100-wolle-orange\/","title":{"rendered":"Handgestricktes M\u00fctze-und-Schal-Set aus 100 % Wolle \u2013 Orange"},"content":{"rendered":"<p data-start=\"139\" data-end=\"360\">Dieses liebevoll handgestrickte Set aus M\u00fctze und Schal vereint W\u00e4rme, Stil und hochwertige Handarbeit. Das feine Ajour-Muster verleiht dem Set eine elegante, luftige Struktur und macht es zu einem besonderen Hingucker.<\/p>\n<p data-start=\"362\" data-end=\"630\">Gefertigt aus <strong data-start=\"376\" data-end=\"398\">100 % reiner Wolle<\/strong>, \u00fcberzeugt das Set durch seine nat\u00fcrliche W\u00e4rmeisolierung, Atmungsaktivit\u00e4t und angenehmen Tragekomfort. Die kr\u00e4ftige <strong data-start=\"517\" data-end=\"533\">orange Farbe<\/strong> setzt einen frischen, lebendigen Akzent und bringt selbst an grauen Tagen Farbe in Ihr Outfit.<\/p>\n<p data-start=\"632\" data-end=\"786\">Ob f\u00fcr den Alltag, Spazierg\u00e4nge im Herbst und Winter oder als besonderes Geschenk \u2013 dieses Unikat steht f\u00fcr Qualit\u00e4t, Nachhaltigkeit und zeitloses Design.<\/p>\n<div class=\"flex flex-col text-sm pb-25\">\n<article class=\"text-token-text-primary w-full focus:outline-none [--shadow-height:45px] has-data-writing-block:pointer-events-none has-data-writing-block:-mt-(--shadow-height) has-data-writing-block:pt-(--shadow-height) [&amp;:has([data-writing-block])&gt;*]:pointer-events-auto [content-visibility:auto] supports-[content-visibility:auto]:[contain-intrinsic-size:auto_100lvh] scroll-mt-[calc(var(--header-height)+min(200px,max(70px,20svh)))]\" dir=\"auto\" tabindex=\"-1\" data-turn-id=\"request-WEB:2efdb55a-a70c-48a8-890e-fdbab7ceaac2-0\" data-testid=\"conversation-turn-2\" data-scroll-anchor=\"true\" data-turn=\"assistant\">\n<div class=\"text-base my-auto mx-auto pb-10 [--thread-content-margin:--spacing(4)] @w-sm\/main:[--thread-content-margin:--spacing(6)] @w-lg\/main:[--thread-content-margin:--spacing(16)] px-(--thread-content-margin)\">\n<div class=\"[--thread-content-max-width:40rem] @w-lg\/main:[--thread-content-max-width:48rem] mx-auto max-w-(--thread-content-max-width) flex-1 group\/turn-messages focus-visible:outline-hidden relative flex w-full min-w-0 flex-col agent-turn\" tabindex=\"-1\">\n<div class=\"flex max-w-full flex-col grow\">\n<div class=\"min-h-8 text-message relative flex w-full flex-col items-end gap-2 text-start break-words whitespace-normal [.text-message+&amp;]:mt-1\" dir=\"auto\" data-message-author-role=\"assistant\" data-message-id=\"25bbc747-5207-45b5-beb9-f86fe17c1138\" data-message-model-slug=\"gpt-5-2\">\n<div class=\"flex w-full flex-col gap-1 empty:hidden first:pt-[1px]\">\n<div class=\"markdown prose dark:prose-invert w-full break-words light markdown-new-styling\">\n<ul data-start=\"801\" data-end=\"960\">\n<li data-start=\"801\" data-end=\"838\">\n<p data-start=\"803\" data-end=\"838\">Set bestehend aus M\u00fctze ( Beanie) und Schal (ca. 2 Meter mal 35 Zentimeter)<\/p>\n<\/li>\n<li data-start=\"839\" data-end=\"856\">\n<p data-start=\"841\" data-end=\"856\">Handgestrickt<\/p>\n<\/li>\n<li data-start=\"857\" data-end=\"883\">\n<p data-start=\"859\" data-end=\"883\">Elegantes Ajour-Muster<\/p>\n<\/li>\n<li data-start=\"884\" data-end=\"909\">\n<p data-start=\"886\" data-end=\"909\">Material: 100 % Wolle<\/p>\n<\/li>\n<li data-start=\"910\" data-end=\"927\">\n<p data-start=\"912\" data-end=\"927\">Farbe: Orange<\/p>\n<\/li>\n<li data-start=\"928\" data-end=\"960\">\n<p data-start=\"930\" data-end=\"960\">Warm, weich und atmungsaktiv<\/p>\n<\/li>\n<\/ul>\n<p data-start=\"962\" data-end=\"1028\" data-is-last-node=\"\" data-is-only-node=\"\">Ein stilvolles Accessoire f\u00fcr alle, die das Besondere lieben.<\/p>\n<\/div>\n<\/div>\n<\/div>\n<\/div>\n<\/div>\n<\/div>\n<\/article>\n<\/div>\n<div class=\"flex flex-col text-sm pb-25\">\n<article class=\"text-token-text-primary w-full focus:outline-none [--shadow-height:45px] has-data-writing-block:pointer-events-none has-data-writing-block:-mt-(--shadow-height) has-data-writing-block:pt-(--shadow-height) [&amp;:has([data-writing-block])&gt;*]:pointer-events-auto [content-visibility:auto] supports-[content-visibility:auto]:[contain-intrinsic-size:auto_100lvh] scroll-mt-[calc(var(--header-height)+min(200px,max(70px,20svh)))]\" dir=\"auto\" tabindex=\"-1\" data-turn-id=\"request-WEB:2efdb55a-a70c-48a8-890e-fdbab7ceaac2-0\" data-testid=\"conversation-turn-2\" data-scroll-anchor=\"true\" data-turn=\"assistant\">\n<div class=\"text-base my-auto mx-auto pb-10 [--thread-content-margin:--spacing(4)] @w-sm\/main:[--thread-content-margin:--spacing(6)] @w-lg\/main:[--thread-content-margin:--spacing(16)] px-(--thread-content-margin)\">\n<div class=\"[--thread-content-max-width:40rem] @w-lg\/main:[--thread-content-max-width:48rem] mx-auto max-w-(--thread-content-max-width) flex-1 group\/turn-messages focus-visible:outline-hidden relative flex w-full min-w-0 flex-col agent-turn\" tabindex=\"-1\">\n<div class=\"flex max-w-full flex-col grow\">\n<div class=\"min-h-8 text-message relative flex w-full flex-col items-end gap-2 text-start break-words whitespace-normal [.text-message+&amp;]:mt-1\" dir=\"auto\" data-message-author-role=\"assistant\" data-message-id=\"25bbc747-5207-45b5-beb9-f86fe17c1138\" data-message-model-slug=\"gpt-5-2\">\n<div class=\"flex w-full flex-col gap-1 empty:hidden first:pt-[1px]\">\n<div class=\"markdown prose dark:prose-invert w-full break-words light markdown-new-styling\">\n<p data-start=\"962\" data-end=\"1028\" data-is-last-node=\"\" data-is-only-node=\"\">\n<\/div>\n<\/div>\n<\/div>\n<\/div>\n<div class=\"z-0 flex min-h-[46px] justify-start\"><\/div>\n<div class=\"mt-3 w-full empty:hidden\">\n<div class=\"text-center\"><\/div>\n<\/div>\n<\/div>\n<\/div>\n<\/article>\n<\/div>\n<div class=\"pointer-events-none h-px w-px absolute bottom-0\" aria-hidden=\"true\" data-edge=\"true\"><\/div>\n","protected":false},"excerpt":{"rendered":"<p>Dieses liebevoll handgestrickte Set aus M\u00fctze und Schal vereint W\u00e4rme, Stil und hochwertige Handarbeit. Das feine Ajour-Muster verleiht dem Set eine elegante, luftige Struktur und macht es zu einem besonderen Hingucker. Gefertigt aus 100 % reiner Wolle, \u00fcberzeugt das Set durch seine nat\u00fcrliche W\u00e4rmeisolierung, Atmungsaktivit\u00e4t und angenehmen Tragekomfort. Die kr\u00e4ftige orange Farbe setzt einen frischen, [&hellip;]<\/p>\n","protected":false},"featured_media":1396,"comment_status":"closed","ping_status":"closed","template":"","meta":[],"product_brand":[],"product_cat":[58],"product_tag":[],"class_list":{"0":"post-1386","1":"product","2":"type-product","3":"status-publish","4":"has-post-thumbnail","6":"product_cat-gestrickt","8":"first","9":"instock","10":"shipping-taxable","11":"purchasable","12":"product-type-simple"},"_links":{"self":[{"href":"https:\/\/liberia-ev.de\/en\/wp-json\/wp\/v2\/product\/1386","targetHints":{"allow":["GET"]}}],"collection":[{"href":"https:\/\/liberia-ev.de\/en\/wp-json\/wp\/v2\/product"}],"about":[{"href":"https:\/\/liberia-ev.de\/en\/wp-json\/wp\/v2\/types\/product"}],"replies":[{"embeddable":true,"href":"https:\/\/liberia-ev.de\/en\/wp-json\/wp\/v2\/comments?post=1386"}],"wp:featuredmedia":[{"embeddable":true,"href":"https:\/\/liberia-ev.de\/en\/wp-json\/wp\/v2\/media\/1396"}],"wp:attachment":[{"href":"https:\/\/liberia-ev.de\/en\/wp-json\/wp\/v2\/media?parent=1386"}],"wp:term":[{"taxonomy":"product_brand","embeddable":true,"href":"https:\/\/liberia-ev.de\/en\/wp-json\/wp\/v2\/product_brand?post=1386"},{"taxonomy":"product_cat","embeddable":true,"href":"https:\/\/liberia-ev.de\/en\/wp-json\/wp\/v2\/product_cat?post=1386"},{"taxonomy":"product_tag","embeddable":true,"href":"https:\/\/liberia-ev.de\/en\/wp-json\/wp\/v2\/product_tag?post=1386"}],"curies":[{"name":"wp","href":"https:\/\/api.w.org\/{rel}","templated":true}]}}