{"id":1173,"date":"2026-01-10T16:39:06","date_gmt":"2026-01-10T15:39:06","guid":{"rendered":"https:\/\/liberia-ev.de\/?post_type=product&#038;p=1173"},"modified":"2026-01-11T10:51:32","modified_gmt":"2026-01-11T09:51:32","slug":"__trashed","status":"publish","type":"product","link":"https:\/\/liberia-ev.de\/en\/produkt\/__trashed\/","title":{"rendered":"Strickjacke im Ajour-Stil"},"content":{"rendered":"<p><img decoding=\"async\" class=\"alignnone size-medium wp-image-1176\" src=\"https:\/\/liberia-ev.de\/wp-content\/uploads\/2025\/10\/IMG_1233-151x300.jpg\" alt=\"\" width=\"151\" height=\"300\" srcset=\"https:\/\/liberia-ev.de\/wp-content\/uploads\/2025\/10\/IMG_1233-151x300.jpg 151w, https:\/\/liberia-ev.de\/wp-content\/uploads\/2025\/10\/IMG_1233-516x1024.jpg 516w, https:\/\/liberia-ev.de\/wp-content\/uploads\/2025\/10\/IMG_1233-768x1525.jpg 768w, https:\/\/liberia-ev.de\/wp-content\/uploads\/2025\/10\/IMG_1233-774x1536.jpg 774w, https:\/\/liberia-ev.de\/wp-content\/uploads\/2025\/10\/IMG_1233-1031x2048.jpg 1031w, https:\/\/liberia-ev.de\/wp-content\/uploads\/2025\/10\/IMG_1233-6x12.jpg 6w, https:\/\/liberia-ev.de\/wp-content\/uploads\/2025\/10\/IMG_1233-600x1191.jpg 600w, https:\/\/liberia-ev.de\/wp-content\/uploads\/2025\/10\/IMG_1233-scaled.jpg 1289w\" sizes=\"(max-width: 151px) 100vw, 151px\" \/> <img fetchpriority=\"high\" decoding=\"async\" class=\"alignnone size-medium wp-image-1186\" src=\"https:\/\/liberia-ev.de\/wp-content\/uploads\/2025\/10\/IMG_1232-2-212x300.jpg\" alt=\"\" width=\"212\" height=\"300\" srcset=\"https:\/\/liberia-ev.de\/wp-content\/uploads\/2025\/10\/IMG_1232-2-212x300.jpg 212w, https:\/\/liberia-ev.de\/wp-content\/uploads\/2025\/10\/IMG_1232-2-724x1024.jpg 724w, https:\/\/liberia-ev.de\/wp-content\/uploads\/2025\/10\/IMG_1232-2-768x1087.jpg 768w, https:\/\/liberia-ev.de\/wp-content\/uploads\/2025\/10\/IMG_1232-2-1086x1536.jpg 1086w, https:\/\/liberia-ev.de\/wp-content\/uploads\/2025\/10\/IMG_1232-2-1448x2048.jpg 1448w, https:\/\/liberia-ev.de\/wp-content\/uploads\/2025\/10\/IMG_1232-2-8x12.jpg 8w, https:\/\/liberia-ev.de\/wp-content\/uploads\/2025\/10\/IMG_1232-2-600x849.jpg 600w, https:\/\/liberia-ev.de\/wp-content\/uploads\/2025\/10\/IMG_1232-2.jpg 1767w\" sizes=\"(max-width: 212px) 100vw, 212px\" \/> <img decoding=\"async\" class=\"alignnone size-medium wp-image-1184\" src=\"https:\/\/liberia-ev.de\/wp-content\/uploads\/2025\/10\/IMG_1231-2-190x300.jpg\" alt=\"\" width=\"190\" height=\"300\" srcset=\"https:\/\/liberia-ev.de\/wp-content\/uploads\/2025\/10\/IMG_1231-2-190x300.jpg 190w, https:\/\/liberia-ev.de\/wp-content\/uploads\/2025\/10\/IMG_1231-2-647x1024.jpg 647w, https:\/\/liberia-ev.de\/wp-content\/uploads\/2025\/10\/IMG_1231-2-768x1215.jpg 768w, https:\/\/liberia-ev.de\/wp-content\/uploads\/2025\/10\/IMG_1231-2-971x1536.jpg 971w, https:\/\/liberia-ev.de\/wp-content\/uploads\/2025\/10\/IMG_1231-2-1294x2048.jpg 1294w, https:\/\/liberia-ev.de\/wp-content\/uploads\/2025\/10\/IMG_1231-2-8x12.jpg 8w, https:\/\/liberia-ev.de\/wp-content\/uploads\/2025\/10\/IMG_1231-2-600x949.jpg 600w, https:\/\/liberia-ev.de\/wp-content\/uploads\/2025\/10\/IMG_1231-2-scaled.jpg 1618w\" sizes=\"(max-width: 190px) 100vw, 190px\" \/> <img loading=\"lazy\" decoding=\"async\" class=\"alignnone size-medium wp-image-1188\" src=\"https:\/\/liberia-ev.de\/wp-content\/uploads\/2025\/10\/IMG_1233-2-151x300.jpg\" alt=\"\" width=\"151\" height=\"300\" srcset=\"https:\/\/liberia-ev.de\/wp-content\/uploads\/2025\/10\/IMG_1233-2-151x300.jpg 151w, https:\/\/liberia-ev.de\/wp-content\/uploads\/2025\/10\/IMG_1233-2-516x1024.jpg 516w, https:\/\/liberia-ev.de\/wp-content\/uploads\/2025\/10\/IMG_1233-2-768x1525.jpg 768w, https:\/\/liberia-ev.de\/wp-content\/uploads\/2025\/10\/IMG_1233-2-774x1536.jpg 774w, https:\/\/liberia-ev.de\/wp-content\/uploads\/2025\/10\/IMG_1233-2-1031x2048.jpg 1031w, https:\/\/liberia-ev.de\/wp-content\/uploads\/2025\/10\/IMG_1233-2-6x12.jpg 6w, https:\/\/liberia-ev.de\/wp-content\/uploads\/2025\/10\/IMG_1233-2-600x1191.jpg 600w, https:\/\/liberia-ev.de\/wp-content\/uploads\/2025\/10\/IMG_1233-2-scaled.jpg 1289w\" sizes=\"(max-width: 151px) 100vw, 151px\" \/> <img loading=\"lazy\" decoding=\"async\" class=\"alignnone size-medium wp-image-1178\" src=\"https:\/\/liberia-ev.de\/wp-content\/uploads\/2025\/10\/IMG_1238-300x288.jpg\" alt=\"\" width=\"300\" height=\"288\" srcset=\"https:\/\/liberia-ev.de\/wp-content\/uploads\/2025\/10\/IMG_1238-300x288.jpg 300w, https:\/\/liberia-ev.de\/wp-content\/uploads\/2025\/10\/IMG_1238-1024x982.jpg 1024w, https:\/\/liberia-ev.de\/wp-content\/uploads\/2025\/10\/IMG_1238-768x736.jpg 768w, https:\/\/liberia-ev.de\/wp-content\/uploads\/2025\/10\/IMG_1238-1536x1472.jpg 1536w, https:\/\/liberia-ev.de\/wp-content\/uploads\/2025\/10\/IMG_1238-13x12.jpg 13w, https:\/\/liberia-ev.de\/wp-content\/uploads\/2025\/10\/IMG_1238-600x575.jpg 600w, https:\/\/liberia-ev.de\/wp-content\/uploads\/2025\/10\/IMG_1238.jpg 1711w\" sizes=\"(max-width: 300px) 100vw, 300px\" \/><\/p>\n<p><strong>Einzelst\u00fcck, 100% individuell. <\/strong>Wie ein sanfter Wind aus Kyoto legt sich diese Strickjacke\u00a0 um die Schulter. Handgestrickt mit Herz, inspiriert von der feinen \u00c4sthetik Japans, ein <strong>Unikat<\/strong> voller W\u00e4rme und Charakter. Die hochwertige Merinowolle w\u00e4rmt ohne zu kratzen.<\/p>\n<h3><b>Merkmale der Strickjacke:<\/b><\/h3>\n<ul>\n<li>\n<p class=\"p1\">\u2714\ufe0f <span class=\"s1\"><b>Material:<\/b><\/span> 100% Merinowolle \u2013 nat\u00fcrlich, atmungsaktiv und langlebig<\/p>\n<\/li>\n<li>\n<p class=\"p1\">\u2714\ufe0f <span class=\"s1\"><b>Design:<\/b><\/span> traditionelles japanisches Strickmuster, schlichter, zeitloser Raglan-Schnitt<\/p>\n<\/li>\n<li>\n<p class=\"p1\">\u2714\ufe0f <span class=\"s1\"><b>Tragekomfort:<\/b><\/span> w\u00e4rmend, ohne zu kratzen, eingestrickte Taschen<\/p>\n<\/li>\n<li>\n<p class=\"p1\">\u2714\ufe0f <span class=\"s1\"><b>Pflegeleicht:<\/b><\/span> meist gen\u00fcgt Ausl\u00fcften, bei Bedarf schonende Handw\u00e4sche in lauwarmem Wasser<\/p>\n<\/li>\n<\/ul>\n<h3><b>Pflegehinweis<\/b><\/h3>\n<p class=\"p3\">Damit Sie lange Freude an Ihrem H\u00e4keltuch haben, empfehlen wir das regelm\u00e4\u00dfige Ausl\u00fcften. Bei Verschmutzung bitte ausschlie\u00dflich per <span class=\"s2\"><b>Handw\u00e4sche in lauwarmem Wasser<\/b><\/span> reinigen und liegend trocknen lassen.<\/p>","protected":false},"excerpt":{"rendered":"<p>Die hochwertige Strickjacke ist ein Einzelst\u00fcck. Die Art der Verarbeitung machen sie zu etwas Besonderem f\u00fcr den allt\u00e4glichen Gebrauch.<\/p>","protected":false},"featured_media":1186,"comment_status":"closed","ping_status":"closed","template":"","meta":[],"product_brand":[],"product_cat":[58],"product_tag":[60,61,62,59],"class_list":{"0":"post-1173","1":"product","2":"type-product","3":"status-publish","4":"has-post-thumbnail","6":"product_cat-gestrickt","7":"product_tag-handgestrickt","8":"product_tag-warm","9":"product_tag-weich","10":"product_tag-wolle","12":"first","13":"instock","14":"sold-individually","15":"shipping-taxable","16":"purchasable","17":"product-type-simple"},"_links":{"self":[{"href":"https:\/\/liberia-ev.de\/en\/wp-json\/wp\/v2\/product\/1173","targetHints":{"allow":["GET"]}}],"collection":[{"href":"https:\/\/liberia-ev.de\/en\/wp-json\/wp\/v2\/product"}],"about":[{"href":"https:\/\/liberia-ev.de\/en\/wp-json\/wp\/v2\/types\/product"}],"replies":[{"embeddable":true,"href":"https:\/\/liberia-ev.de\/en\/wp-json\/wp\/v2\/comments?post=1173"}],"wp:featuredmedia":[{"embeddable":true,"href":"https:\/\/liberia-ev.de\/en\/wp-json\/wp\/v2\/media\/1186"}],"wp:attachment":[{"href":"https:\/\/liberia-ev.de\/en\/wp-json\/wp\/v2\/media?parent=1173"}],"wp:term":[{"taxonomy":"product_brand","embeddable":true,"href":"https:\/\/liberia-ev.de\/en\/wp-json\/wp\/v2\/product_brand?post=1173"},{"taxonomy":"product_cat","embeddable":true,"href":"https:\/\/liberia-ev.de\/en\/wp-json\/wp\/v2\/product_cat?post=1173"},{"taxonomy":"product_tag","embeddable":true,"href":"https:\/\/liberia-ev.de\/en\/wp-json\/wp\/v2\/product_tag?post=1173"}],"curies":[{"name":"wp","href":"https:\/\/api.w.org\/{rel}","templated":true}]}}