{"id":1170,"date":"2025-10-22T13:35:54","date_gmt":"2025-10-22T11:35:54","guid":{"rendered":"https:\/\/liberia-ev.de\/?post_type=product&#038;p=1170"},"modified":"2026-01-11T10:43:05","modified_gmt":"2026-01-11T09:43:05","slug":"stola-einzelstueck","status":"publish","type":"product","link":"https:\/\/liberia-ev.de\/en\/produkt\/stola-einzelstueck\/","title":{"rendered":"Stola, Einzelst\u00fcck"},"content":{"rendered":"<h3><\/h3>\n<h3><b>Merkmale der Stola<\/b><\/h3>\n<ul>\n<li>\n<p class=\"p1\">\u2714\ufe0f\u00a0<span class=\"s1\"><b>Material:<\/b><\/span> 50%\u00a0 Schurwolle, 25% Seide, 25% Baumwolle \u2013 nat\u00fcrlich, edel, hautschmeichelnd<\/p>\n<\/li>\n<li>\n<p class=\"p1\">\u2714\ufe0f <span class=\"s1\"><b>Design:<\/b><\/span> klassisches H\u00e4kelmuster, filigran und zeitlos<\/p>\n<\/li>\n<li>\n<p class=\"p1\">\u2714\ufe0f\u00a0<span class=\"s1\"><b>Tragekomfort:<\/b><\/span> w\u00e4rmend, ohne zu kratzen<\/p>\n<\/li>\n<li>\u2714\ufe0f\u00a0<strong>Ma\u00dfe: <\/strong>L\u00e4nge: 210 cm, H\u00f6he: 58 cm<\/li>\n<li>\n<p class=\"p1\">\u2714\ufe0f\u00a0<span class=\"s1\"><b>Pflegeleicht:<\/b><\/span>\u00a0meist gen\u00fcgt Ausl\u00fcften, bei Bedarf schonende Handw\u00e4sche in lauwarmem Wasser<\/p>\n<\/li>\n<li>\u2714\ufe0f\u00a0<strong>Wunderbar unvollkommen:\u00a0<\/strong>das Wollkn\u00e4ul war verbraucht, bevor die Stola fertig war. Darum hat die letzte Reihe eine andere Farbe und der Preis ist gesunken.<\/li>\n<\/ul>\n<h3><b>Pflegehinweis<\/b><\/h3>\n<p class=\"p3\">Damit Sie lange Freude an Ihrem H\u00e4keltuch haben, empfehlen wir das regelm\u00e4\u00dfige Ausl\u00fcften. Bei Verschmutzung bitte ausschlie\u00dflich per\u00a0<span class=\"s2\"><b>Handw\u00e4sche in lauwarmem Wasser<\/b><\/span>\u00a0reinigen und liegend trocknen lassen.<\/p>","protected":false},"excerpt":{"rendered":"<h3><b>Merkmale der Stola<\/b><\/h3>\n<ul>\n<li>\n<p class=\"p1\">\u2714\ufe0f\u00a0<span class=\"s1\"><b>Material:<\/b><\/span> 50%\u00a0 Schurwolle, 25% Seide, 25% Baumwolle \u2013 nat\u00fcrlich, edel, hautschmeichelnd<\/p>\n<\/li>\n<li>\n<p class=\"p1\">\u2714\ufe0f <span class=\"s1\"><b>Design:<\/b><\/span> klassisches H\u00e4kelmuster, filigran und zeitlos<\/p>\n<\/li>\n<li>\n<p class=\"p1\">\u2714\ufe0f\u00a0<span class=\"s1\"><b>Tragekomfort:<\/b><\/span> w\u00e4rmend, ohne zu kratzen<\/p>\n<\/li>\n<li>\u2714\ufe0f\u00a0<strong>Ma\u00dfe: <\/strong>L\u00e4nge: 210 cm, H\u00f6he: 58 cm<\/li>\n<li>\n<p class=\"p1\">\u2714\ufe0f\u00a0<span class=\"s1\"><b>Pflegeleicht:<\/b><\/span>\u00a0meist gen\u00fcgt Ausl\u00fcften, bei Bedarf schonende Handw\u00e4sche in lauwarmem Wasser<\/p>\n<\/li>\n<\/ul>\n<h3><b>Pflegehinweis<\/b><\/h3>\n<p class=\"p3\">Damit Sie lange Freude an Ihrem H\u00e4keltuch haben, empfehlen wir das regelm\u00e4\u00dfige Ausl\u00fcften. Bei Verschmutzung bitte ausschlie\u00dflich per\u00a0<span class=\"s2\"><b>Handw\u00e4sche in lauwarmem Wasser<\/b><\/span>\u00a0reinigen und liegend trocknen lassen.<\/p>","protected":false},"featured_media":1199,"comment_status":"closed","ping_status":"closed","template":"","meta":[],"product_brand":[],"product_cat":[63],"product_tag":[],"class_list":{"0":"post-1170","1":"product","2":"type-product","3":"status-publish","4":"has-post-thumbnail","6":"product_cat-gehaekelt","8":"first","9":"instock","10":"shipping-taxable","11":"purchasable","12":"product-type-simple"},"_links":{"self":[{"href":"https:\/\/liberia-ev.de\/en\/wp-json\/wp\/v2\/product\/1170","targetHints":{"allow":["GET"]}}],"collection":[{"href":"https:\/\/liberia-ev.de\/en\/wp-json\/wp\/v2\/product"}],"about":[{"href":"https:\/\/liberia-ev.de\/en\/wp-json\/wp\/v2\/types\/product"}],"replies":[{"embeddable":true,"href":"https:\/\/liberia-ev.de\/en\/wp-json\/wp\/v2\/comments?post=1170"}],"wp:featuredmedia":[{"embeddable":true,"href":"https:\/\/liberia-ev.de\/en\/wp-json\/wp\/v2\/media\/1199"}],"wp:attachment":[{"href":"https:\/\/liberia-ev.de\/en\/wp-json\/wp\/v2\/media?parent=1170"}],"wp:term":[{"taxonomy":"product_brand","embeddable":true,"href":"https:\/\/liberia-ev.de\/en\/wp-json\/wp\/v2\/product_brand?post=1170"},{"taxonomy":"product_cat","embeddable":true,"href":"https:\/\/liberia-ev.de\/en\/wp-json\/wp\/v2\/product_cat?post=1170"},{"taxonomy":"product_tag","embeddable":true,"href":"https:\/\/liberia-ev.de\/en\/wp-json\/wp\/v2\/product_tag?post=1170"}],"curies":[{"name":"wp","href":"https:\/\/api.w.org\/{rel}","templated":true}]}}