{"id":8,"date":"2025-03-17T14:49:56","date_gmt":"2025-03-17T13:49:56","guid":{"rendered":"https:\/\/liberia-ev.de\/?page_id=8"},"modified":"2026-01-11T18:11:14","modified_gmt":"2026-01-11T17:11:14","slug":"startseite","status":"publish","type":"page","link":"https:\/\/liberia-ev.de\/en\/","title":{"rendered":"Home"},"content":{"rendered":"<div data-elementor-type=\"wp-post\" data-elementor-id=\"8\" class=\"elementor elementor-8\" data-elementor-post-type=\"page\">\n\t\t\t\t<div class=\"elementor-element elementor-element-a2d2df5 e-flex e-con-boxed e-con e-parent\" data-id=\"a2d2df5\" data-element_type=\"container\" data-e-type=\"container\">\n\t\t\t\t\t<div class=\"e-con-inner\">\n\t\t<div class=\"elementor-element elementor-element-3985c2e e-con-full e-grid e-con e-child\" data-id=\"3985c2e\" data-element_type=\"container\" data-e-type=\"container\">\n\t\t\t\t<div class=\"elementor-element elementor-element-dbb9358 elementor-view-default elementor-widget elementor-widget-icon\" data-id=\"dbb9358\" data-element_type=\"widget\" data-e-type=\"widget\" data-widget_type=\"icon.default\">\n\t\t\t\t<div class=\"elementor-widget-container\">\n\t\t\t\t\t\t\t<div class=\"elementor-icon-wrapper\">\n\t\t\t<a class=\"elementor-icon\" href=\"https:\/\/liberia-ev.de\/en\/shop\/\">\n\t\t\t<svg xmlns=\"http:\/\/www.w3.org\/2000\/svg\" xmlns:xlink=\"http:\/\/www.w3.org\/1999\/xlink\" width=\"500\" zoomandpan=\"magnify\" viewbox=\"0 0 375 374.999991\" height=\"500\" preserveaspectratio=\"xMidYMid meet\"><defs><clippath id=\"d655f63ba0\"><path d=\"M 102.847656 123.644531 L 272.347656 123.644531 L 272.347656 227 L 102.847656 227 Z M 102.847656 123.644531 \" clip-rule=\"nonzero\"><\/path><\/clippath><\/defs><g clip-path=\"url(#d655f63ba0)\"><path fill=\"#0000bd\" d=\"M 271.859375 182.519531 L 255.46875 153.796875 C 254.78125 152.597656 253.503906 151.855469 252.117188 151.855469 L 227.664062 151.855469 L 227.664062 136.246094 C 227.664062 129.375 222.09375 123.804688 215.222656 123.804688 L 138.871094 123.804688 C 132.6875 123.804688 127.386719 128.421875 126.542969 134.546875 L 125.011719 145.652344 L 102.847656 145.652344 L 102.847656 153.363281 L 123.949219 153.363281 L 122.285156 165.433594 L 109.75 165.433594 L 109.75 173.140625 L 125.460938 173.140625 C 127.15625 173.226562 128.753906 172.171875 129.308594 170.507812 C 129.394531 170.242188 129.453125 169.972656 129.484375 169.699219 L 130.914062 159.320312 C 131.386719 155.90625 134.304688 153.363281 137.753906 153.363281 L 147.097656 153.363281 L 147.097656 145.652344 L 132.800781 145.652344 L 134.183594 135.597656 C 134.507812 133.257812 136.507812 131.515625 138.871094 131.515625 L 215.222656 131.515625 C 217.835938 131.515625 219.953125 133.632812 219.953125 136.246094 L 219.953125 178.328125 C 219.953125 182.140625 216.863281 185.230469 213.050781 185.230469 L 179.070312 185.230469 L 179.070312 192.941406 L 213.050781 192.941406 C 216.863281 192.941406 219.953125 196.027344 219.953125 199.839844 L 219.953125 207.078125 L 172.121094 207.078125 C 170.390625 200.085938 164.066406 194.886719 156.542969 194.886719 C 149.023438 194.886719 142.699219 200.085938 140.964844 207.078125 L 129.890625 207.078125 C 128.601562 207.078125 127.335938 206.617188 126.425781 205.707031 C 125.347656 204.628906 124.867188 203.1875 125.070312 201.703125 L 126.28125 192.941406 L 140.289062 192.941406 L 140.289062 185.230469 L 102.847656 185.230469 L 102.847656 192.941406 L 118.492188 192.941406 L 117.429688 200.652344 C 116.753906 205.5625 119.050781 210.542969 123.601562 213.167969 C 125.511719 214.273438 127.703125 214.789062 129.90625 214.789062 L 140.964844 214.789062 C 142.699219 221.777344 149.023438 226.976562 156.542969 226.976562 C 164.0625 226.976562 170.390625 221.777344 172.121094 214.789062 L 230.582031 214.789062 C 232.3125 221.777344 238.636719 226.976562 246.160156 226.976562 C 253.679688 226.976562 260.003906 221.777344 261.734375 214.789062 L 268.507812 214.789062 C 270.636719 214.789062 272.363281 213.0625 272.363281 210.933594 L 272.363281 184.429688 C 272.363281 183.757812 272.191406 183.101562 271.859375 182.519531 Z M 157.402344 219.222656 C 152.132812 219.75 147.722656 215.339844 148.25 210.074219 C 148.644531 206.179688 151.796875 203.027344 155.695312 202.640625 C 160.957031 202.117188 165.363281 206.519531 164.839844 211.78125 C 164.449219 215.679688 161.300781 218.832031 157.402344 219.222656 Z M 247.011719 219.222656 C 241.746094 219.746094 237.335938 215.339844 237.863281 210.078125 C 238.253906 206.183594 241.40625 203.03125 245.304688 202.640625 C 250.570312 202.113281 254.976562 206.519531 254.453125 211.785156 C 254.0625 215.679688 250.910156 218.832031 247.011719 219.222656 Z M 261.734375 207.078125 C 260.003906 200.085938 253.679688 194.886719 246.160156 194.886719 C 238.640625 194.886719 232.3125 200.085938 230.582031 207.078125 L 227.664062 207.078125 L 227.664062 159.5625 L 249.878906 159.5625 L 254.683594 167.980469 L 247.820312 167.980469 C 245.789062 167.980469 244.140625 169.628906 244.140625 171.664062 L 244.140625 183.015625 C 244.140625 185.046875 245.789062 186.695312 247.820312 186.695312 L 264.652344 186.695312 L 264.652344 207.078125 Z M 261.734375 207.078125 \" fill-opacity=\"1\" fill-rule=\"nonzero\"><\/path><\/g><\/svg>\t\t\t<\/a>\n\t\t<\/div>\n\t\t\t\t\t\t<\/div>\n\t\t\t\t<\/div>\n\t\t\t\t<div class=\"elementor-element elementor-element-0af7885 elementor-widget elementor-widget-heading\" data-id=\"0af7885\" data-element_type=\"widget\" data-e-type=\"widget\" data-widget_type=\"heading.default\">\n\t\t\t\t<div class=\"elementor-widget-container\">\n\t\t\t\t\t<h2 class=\"elementor-heading-title elementor-size-default\"><a href=\"https:\/\/liberia-ev.de\/en\/shop\/\">\n\n Gerlib Textil\nWebshop<\/a><\/h2>\t\t\t\t<\/div>\n\t\t\t\t<\/div>\n\t\t\t\t<\/div>\n\t\t\t\t<div class=\"elementor-element elementor-element-ded319e elementor-position-inline-start elementor-mobile-position-inline-start elementor-view-default elementor-widget elementor-widget-icon-box\" data-id=\"ded319e\" data-element_type=\"widget\" data-e-type=\"widget\" data-widget_type=\"icon-box.default\">\n\t\t\t\t<div class=\"elementor-widget-container\">\n\t\t\t\t\t\t\t<div class=\"elementor-icon-box-wrapper\">\n\n\t\t\t\t\t\t<div class=\"elementor-icon-box-icon\">\n\t\t\t\t<span  class=\"elementor-icon\">\n\t\t\t\t<svg aria-hidden=\"true\" class=\"e-font-icon-svg e-fas-heartbeat\" viewbox=\"0 0 512 512\" xmlns=\"http:\/\/www.w3.org\/2000\/svg\"><path d=\"M320.2 243.8l-49.7 99.4c-6 12.1-23.4 11.7-28.9-.6l-56.9-126.3-30 71.7H60.6l182.5 186.5c7.1 7.3 18.6 7.3 25.7 0L451.4 288H342.3l-22.1-44.2zM473.7 73.9l-2.4-2.5c-51.5-52.6-135.8-52.6-187.4 0L256 100l-27.9-28.5c-51.5-52.7-135.9-52.7-187.4 0l-2.4 2.4C-10.4 123.7-12.5 203 31 256h102.4l35.9-86.2c5.4-12.9 23.6-13.2 29.4-.4l58.2 129.3 49-97.9c5.9-11.8 22.7-11.8 28.6 0l27.6 55.2H481c43.5-53 41.4-132.3-7.3-182.1z\"><\/path><\/svg>\t\t\t\t<\/span>\n\t\t\t<\/div>\n\t\t\t\n\t\t\t\t\t\t<div class=\"elementor-icon-box-content\">\n\n\t\t\t\t\t\t\t\t\t<h3 class=\"elementor-icon-box-title\">\n\t\t\t\t\t\t<span  >\n\t\t\t\t\t\t\tWelcome\t\t\t\t\t\t<\/span>\n\t\t\t\t\t<\/h3>\n\t\t\t\t\n\t\t\t\t\n\t\t\t<\/div>\n\t\t\t\n\t\t<\/div>\n\t\t\t\t\t\t<\/div>\n\t\t\t\t<\/div>\n\t\t\t\t<div class=\"elementor-element elementor-element-bc3cf51 elementor-widget elementor-widget-text-editor\" data-id=\"bc3cf51\" data-element_type=\"widget\" data-e-type=\"widget\" data-widget_type=\"text-editor.default\">\n\t\t\t\t<div class=\"elementor-widget-container\">\n\t\t\t\t\t\t\t\t\t<p>Thank you for visiting the website of Liberia e.V. - Hilfe zur Selbsthilfe.<\/p><p>We hope that you will find a lot of useful information on our website. We invite you to join our association for the needy in Liberia. Your donation will support the work of the GERLIB COMMUNITY SCHOOL and the MAGIF CENTER. Both facilities are located in Zubah Town, a suburb of the Liberian capital Monrovia.<\/p><p>We also cooperate with the GERLIB HEALTH CENTRE, also in Zubah Town.<\/p><p>We have no permanent employees and work on a voluntary basis. Your donations are not used for costly administrative structures and go directly to the local projects.<\/p><p>Our cooperation partner in Monrovia is MAGIF (Margret Gieraths-Nimene Foundation).<\/p>\t\t\t\t\t\t\t\t<\/div>\n\t\t\t\t<\/div>\n\t\t\t\t<div class=\"elementor-element elementor-element-3e7c4c0 elementor-widget elementor-widget-spacer\" data-id=\"3e7c4c0\" data-element_type=\"widget\" data-e-type=\"widget\" data-widget_type=\"spacer.default\">\n\t\t\t\t<div class=\"elementor-widget-container\">\n\t\t\t\t\t\t\t<div class=\"elementor-spacer\">\n\t\t\t<div class=\"elementor-spacer-inner\"><\/div>\n\t\t<\/div>\n\t\t\t\t\t\t<\/div>\n\t\t\t\t<\/div>\n\t\t\t\t<div class=\"elementor-element elementor-element-b9d0377 elementor-widget elementor-widget-text-editor\" data-id=\"b9d0377\" data-element_type=\"widget\" data-e-type=\"widget\" data-widget_type=\"text-editor.default\">\n\t\t\t\t<div class=\"elementor-widget-container\">\n\t\t\t\t\t\t\t\t\t<h3>Information about the organisation<\/h3><p>The information you receive on this page about the organisation Liberia e.V. - Hilfe zur Selbsthilfe is based on the requirements of the Transparent Civil Society Initiative.<\/p><p>The association is called \u2018Liberia e.V. - Hilfe zur Selbsthilfe\u2019 and was founded on 16 August 1994 in Bielefeld.<br \/>Registered office: Essen, registered: Register of Associations VR 5287 Essen Local Court<br \/>Club address: Styrumer Strasse 18, 45143 Essen<\/p>\t\t\t\t\t\t\t\t<\/div>\n\t\t\t\t<\/div>\n\t\t\t\t\t<\/div>\n\t\t\t\t<\/div>\n\t\t\t\t<\/div>","protected":false},"excerpt":{"rendered":"<p>Gerlib Textil Webshop Willkommen Vielen Dank f\u00fcr den Besuch auf der Website von Liberia e.V. &#8211; Hilfe zur Selbsthilfe. Wir hoffen, dass Sie eine Menge n\u00fctzlicher Informationen auf unserer Website finden. Wir laden Sie ein, sich unserem Verein f\u00fcr die Hilfebed\u00fcrftigen in Liberia anzuschlie\u00dfen. Mit Ihrer Spende unterst\u00fctzen wir die Arbeit der GERLIB COMMUNITY SCHOOL [&hellip;]<\/p>\n","protected":false},"author":1,"featured_media":0,"parent":0,"menu_order":1,"comment_status":"closed","ping_status":"closed","template":"","meta":{"footnotes":""},"class_list":["post-8","page","type-page","status-publish","hentry"],"_links":{"self":[{"href":"https:\/\/liberia-ev.de\/en\/wp-json\/wp\/v2\/pages\/8","targetHints":{"allow":["GET"]}}],"collection":[{"href":"https:\/\/liberia-ev.de\/en\/wp-json\/wp\/v2\/pages"}],"about":[{"href":"https:\/\/liberia-ev.de\/en\/wp-json\/wp\/v2\/types\/page"}],"author":[{"embeddable":true,"href":"https:\/\/liberia-ev.de\/en\/wp-json\/wp\/v2\/users\/1"}],"replies":[{"embeddable":true,"href":"https:\/\/liberia-ev.de\/en\/wp-json\/wp\/v2\/comments?post=8"}],"version-history":[{"count":48,"href":"https:\/\/liberia-ev.de\/en\/wp-json\/wp\/v2\/pages\/8\/revisions"}],"predecessor-version":[{"id":1433,"href":"https:\/\/liberia-ev.de\/en\/wp-json\/wp\/v2\/pages\/8\/revisions\/1433"}],"wp:attachment":[{"href":"https:\/\/liberia-ev.de\/en\/wp-json\/wp\/v2\/media?parent=8"}],"curies":[{"name":"wp","href":"https:\/\/api.w.org\/{rel}","templated":true}]}}