{"id":52,"date":"2025-04-22T15:06:00","date_gmt":"2025-04-22T13:06:00","guid":{"rendered":"https:\/\/liberia-ev.de\/magif-center\/konzept\/"},"modified":"2025-04-23T16:02:29","modified_gmt":"2025-04-23T14:02:29","slug":"the-concept","status":"publish","type":"page","link":"https:\/\/liberia-ev.de\/en\/magif-center\/konzept\/","title":{"rendered":"Concept"},"content":{"rendered":"<div data-elementor-type=\"wp-page\" data-elementor-id=\"52\" class=\"elementor elementor-52\" data-elementor-post-type=\"page\">\n\t\t\t\t<div class=\"elementor-element elementor-element-42823d48 e-flex e-con-boxed e-con e-parent\" data-id=\"42823d48\" data-element_type=\"container\" data-e-type=\"container\">\n\t\t\t\t\t<div class=\"e-con-inner\">\n\t\t\t\t<div class=\"elementor-element elementor-element-58c12d2e elementor-widget elementor-widget-heading\" data-id=\"58c12d2e\" data-element_type=\"widget\" data-e-type=\"widget\" data-widget_type=\"heading.default\">\n\t\t\t\t<div class=\"elementor-widget-container\">\n\t\t\t\t\t<h2 class=\"elementor-heading-title elementor-size-default\">The concept<\/h2>\t\t\t\t<\/div>\n\t\t\t\t<\/div>\n\t\t\t\t<div class=\"elementor-element elementor-element-5d195192 elementor-widget elementor-widget-text-editor\" data-id=\"5d195192\" data-element_type=\"widget\" data-e-type=\"widget\" data-widget_type=\"text-editor.default\">\n\t\t\t\t<div class=\"elementor-widget-container\">\n\t\t\t\t\t\t\t\t\t<p>The MAGIF CENTER offers girls a home where love, understanding, respect and joy prevail. In addition to satisfying basic needs such as food, clothing, hygiene and a harmonious home, the girls receive an education.  In addition to their duties such as learning and household support after school, they have the right to play and relax.  They are protected and promoted according to their interests and abilities and educated to independence. After their stay in the MAGIF CENTER they should be able to lead a life in dignity.<br><br>The girls aged 4-7 visit the MAGIF COMMUNITY SCHOOL formerly GERLIB COMMUNITY CENTER, which can be reached on foot in 10 minutes. The eight to eleven year old girls attend the Bishop Matthias Narwoh High School. The girls are hard-working schoolgirls. In February this year, three of the girls attending high school were able to skip a class.<br><br>In the afternoon eight of the girls attend sewing classes twice a week and show amazing skills. On Thursdays afternoon, the Traditional Dance and Drum Program takes place, in which all children take part. It is admirable how quickly the children master the dance steps and present them gracefully. A large selection of toys is available to the girls, which Beatrice J\u00e4ger, wife of the German ambassador, made available or again and again makes available. Visits to the Atlantic Ocean are very popular, especially during the hot season.<br><br>A social worker coordinates the activities in the orphanage and is supported by three other women (nurse\/ housekeeper) who take turns looking after the girls around the clock. Four guards take care of the safety of the residents.<br>The staff in the MAGIF CENTER consists exclusively of Liberians.<\/p>\t\t\t\t\t\t\t\t<\/div>\n\t\t\t\t<\/div>\n\t\t\t\t\t<\/div>\n\t\t\t\t<\/div>\n\t\t\t\t<\/div>","protected":false},"excerpt":{"rendered":"<p>Das Konzept Das MAGIF CENTER&nbsp; bietet den M\u00e4dchen ein Zuhause, in dem Liebe, Verst\u00e4ndnis, Respekt und Freude herrscht. Neben der Befriedigung der elementaren Bed\u00fcrfnissen wie Nahrung, Kleidung, Hygiene und ein harmonisches Zuhause erhalten die M\u00e4dchen eine Schulbildung.&nbsp; Neben ihren Pflichten wie Lernen und Unterst\u00fctzung im Haushalt nach der Schule haben sie ein Recht auf Spielen [&hellip;]<\/p>\n","protected":false},"author":1,"featured_media":0,"parent":23,"menu_order":0,"comment_status":"closed","ping_status":"closed","template":"","meta":{"footnotes":""},"class_list":["post-52","page","type-page","status-publish","hentry"],"_links":{"self":[{"href":"https:\/\/liberia-ev.de\/en\/wp-json\/wp\/v2\/pages\/52","targetHints":{"allow":["GET"]}}],"collection":[{"href":"https:\/\/liberia-ev.de\/en\/wp-json\/wp\/v2\/pages"}],"about":[{"href":"https:\/\/liberia-ev.de\/en\/wp-json\/wp\/v2\/types\/page"}],"author":[{"embeddable":true,"href":"https:\/\/liberia-ev.de\/en\/wp-json\/wp\/v2\/users\/1"}],"replies":[{"embeddable":true,"href":"https:\/\/liberia-ev.de\/en\/wp-json\/wp\/v2\/comments?post=52"}],"version-history":[{"count":4,"href":"https:\/\/liberia-ev.de\/en\/wp-json\/wp\/v2\/pages\/52\/revisions"}],"predecessor-version":[{"id":344,"href":"https:\/\/liberia-ev.de\/en\/wp-json\/wp\/v2\/pages\/52\/revisions\/344"}],"up":[{"embeddable":true,"href":"https:\/\/liberia-ev.de\/en\/wp-json\/wp\/v2\/pages\/23"}],"wp:attachment":[{"href":"https:\/\/liberia-ev.de\/en\/wp-json\/wp\/v2\/media?parent=52"}],"curies":[{"name":"wp","href":"https:\/\/api.w.org\/{rel}","templated":true}]}}