{"id":46,"date":"2025-04-22T15:05:40","date_gmt":"2025-04-22T13:05:40","guid":{"rendered":"https:\/\/liberia-ev.de\/gerlib-health-center\/ziele\/"},"modified":"2025-04-23T16:16:43","modified_gmt":"2025-04-23T14:16:43","slug":"targets","status":"publish","type":"page","link":"https:\/\/liberia-ev.de\/en\/gerlib-health-center\/ziele\/","title":{"rendered":"Targets"},"content":{"rendered":"<div data-elementor-type=\"wp-page\" data-elementor-id=\"46\" class=\"elementor elementor-46\" data-elementor-post-type=\"page\">\n\t\t\t\t<div class=\"elementor-element elementor-element-4fd8090a e-flex e-con-boxed e-con e-parent\" data-id=\"4fd8090a\" data-element_type=\"container\" data-e-type=\"container\">\n\t\t\t\t\t<div class=\"e-con-inner\">\n\t\t\t\t<div class=\"elementor-element elementor-element-314768f6 elementor-widget elementor-widget-heading\" data-id=\"314768f6\" data-element_type=\"widget\" data-e-type=\"widget\" data-widget_type=\"heading.default\">\n\t\t\t\t<div class=\"elementor-widget-container\">\n\t\t\t\t\t<h2 class=\"elementor-heading-title elementor-size-default\">Targets<\/h2>\t\t\t\t<\/div>\n\t\t\t\t<\/div>\n\t\t\t\t<div class=\"elementor-element elementor-element-6ed67786 elementor-widget elementor-widget-text-editor\" data-id=\"6ed67786\" data-element_type=\"widget\" data-e-type=\"widget\" data-widget_type=\"text-editor.default\">\n\t\t\t\t<div class=\"elementor-widget-container\">\n\t\t\t\t\t\t\t\t\t<p>Medical care<\/p>\n<p>Our Aim is<\/p>\n<ul>\n<li>to offer Medicare trough professionals which included administering medication of serious origin<\/li>\n<li>to contribute in improvement of good health for women and pregnant women<\/li>\n<li>to render also medical service to the public who cannot afford it<\/li>\n<li>to reach numerous people through targeted prevention programs against illness<\/li>\n<\/ul>\n<p><br>Our Aim is<\/p>\n<ul>\n<li>to contribute reducing the mortalities rate of pregnant women and children under five<\/li>\n<li>to offer the \"Mother and Child Health and Nutrition Program\" to a large part of the public<\/li>\n<li>to contribute reducing illness and unwanted pregnancy trough awareness<\/li>\n<\/ul>\t\t\t\t\t\t\t\t<\/div>\n\t\t\t\t<\/div>\n\t\t\t\t\t<\/div>\n\t\t\t\t<\/div>\n\t\t\t\t<\/div>","protected":false},"excerpt":{"rendered":"<p>Ziele Medizinische Versorgung Ziel ist der Bev\u00f6lkerung eine medizinische Versorgung durch Fachpersonal zu gew\u00e4hren, die die Darreichung von ausreichender Medikation seri\u00f6ser Herkunft einschlie\u00dft zur Verbesserung der Gesundheit von Frauen und Schwangeren beizutragen auch den \u00c4rmsten der Armen eine medizinische Versorgung zu gew\u00e4hren zahlreiche Menschen durch gezielte Vorsorgeprogramme vor Erkrankung zu bewahren Ziel ist die Sterberate [&hellip;]<\/p>\n","protected":false},"author":1,"featured_media":0,"parent":21,"menu_order":0,"comment_status":"closed","ping_status":"closed","template":"","meta":{"footnotes":""},"class_list":["post-46","page","type-page","status-publish","hentry"],"_links":{"self":[{"href":"https:\/\/liberia-ev.de\/en\/wp-json\/wp\/v2\/pages\/46","targetHints":{"allow":["GET"]}}],"collection":[{"href":"https:\/\/liberia-ev.de\/en\/wp-json\/wp\/v2\/pages"}],"about":[{"href":"https:\/\/liberia-ev.de\/en\/wp-json\/wp\/v2\/types\/page"}],"author":[{"embeddable":true,"href":"https:\/\/liberia-ev.de\/en\/wp-json\/wp\/v2\/users\/1"}],"replies":[{"embeddable":true,"href":"https:\/\/liberia-ev.de\/en\/wp-json\/wp\/v2\/comments?post=46"}],"version-history":[{"count":7,"href":"https:\/\/liberia-ev.de\/en\/wp-json\/wp\/v2\/pages\/46\/revisions"}],"predecessor-version":[{"id":380,"href":"https:\/\/liberia-ev.de\/en\/wp-json\/wp\/v2\/pages\/46\/revisions\/380"}],"up":[{"embeddable":true,"href":"https:\/\/liberia-ev.de\/en\/wp-json\/wp\/v2\/pages\/21"}],"wp:attachment":[{"href":"https:\/\/liberia-ev.de\/en\/wp-json\/wp\/v2\/media?parent=46"}],"curies":[{"name":"wp","href":"https:\/\/api.w.org\/{rel}","templated":true}]}}