{"id":40,"date":"2025-04-22T15:05:16","date_gmt":"2025-04-22T13:05:16","guid":{"rendered":"https:\/\/liberia-ev.de\/der-verein\/den-verein-unterstuetzen\/"},"modified":"2025-12-08T16:21:38","modified_gmt":"2025-12-08T15:21:38","slug":"support-the-association","status":"publish","type":"page","link":"https:\/\/liberia-ev.de\/en\/der-verein\/den-verein-unterstuetzen\/","title":{"rendered":"Support the association"},"content":{"rendered":"<div data-elementor-type=\"wp-page\" data-elementor-id=\"40\" class=\"elementor elementor-40\" data-elementor-post-type=\"page\">\n\t\t\t\t<div class=\"elementor-element elementor-element-39dcc43a e-flex e-con-boxed e-con e-parent\" data-id=\"39dcc43a\" data-element_type=\"container\" data-e-type=\"container\">\n\t\t\t\t\t<div class=\"e-con-inner\">\n\t\t\t\t<div class=\"elementor-element elementor-element-755a427a elementor-widget elementor-widget-heading\" data-id=\"755a427a\" data-element_type=\"widget\" data-e-type=\"widget\" data-widget_type=\"heading.default\">\n\t\t\t\t<div class=\"elementor-widget-container\">\n\t\t\t\t\t<h2 class=\"elementor-heading-title elementor-size-default\">Support the association<\/h2>\t\t\t\t<\/div>\n\t\t\t\t<\/div>\n\t\t\t\t<div class=\"elementor-element elementor-element-76f8d12f elementor-widget elementor-widget-text-editor\" data-id=\"76f8d12f\" data-element_type=\"widget\" data-e-type=\"widget\" data-widget_type=\"text-editor.default\">\n\t\t\t\t<div class=\"elementor-widget-container\">\n\t\t\t\t\t\t\t\t\t<p>YOU can also support the association<\/p><ul><li>Werden Sie Mitglied. Der Jahresbeitrag betr\u00e4gt 80 Euro, erm\u00e4\u00dfigt 40 Euro, F\u00f6rdermitgliedschaft ab 20 Euro.<\/li><\/ul><ul><li>Take over the school fees for one child, 180 Euro per year. This amount includes the school uniform and textbooks.<\/li><\/ul><ul><li>Donations of any amount<\/li><\/ul><p>Bank details: Sparkasse Essen<br \/>IBAN: DE41 3605 0105 0000 2205 09<br \/>BIC: SPESDE3EXXX<\/p><p>or donate with paypal:<\/p>\t\t\t\t\t\t\t\t<\/div>\n\t\t\t\t<\/div>\n\t\t\t\t\t<\/div>\n\t\t\t\t<\/div>\n\t\t<div class=\"elementor-element elementor-element-fd274ee e-flex e-con-boxed e-con e-parent\" data-id=\"fd274ee\" data-element_type=\"container\" data-e-type=\"container\">\n\t\t\t\t\t<div class=\"e-con-inner\">\n\t\t\t\t<div class=\"elementor-element elementor-element-bbd9a3a elementor-widget elementor-widget-html\" data-id=\"bbd9a3a\" data-element_type=\"widget\" data-e-type=\"widget\" data-widget_type=\"html.default\">\n\t\t\t\t<div class=\"elementor-widget-container\">\n\t\t\t\t\t<form action=\"https:\/\/www.paypal.com\/donate\" method=\"post\" target=\"_top\">\n<input type=\"hidden\" name=\"hosted_button_id\" value=\"KHDJD64URJQ9G\" \/>\n<input type=\"image\" src=\"https:\/\/www.paypalobjects.com\/en_US\/DK\/i\/btn\/btn_donateCC_LG.gif\" border=\"0\" name=\"submit\" title=\"PayPal - The safer, easier way to pay online!\" alt=\"Donate with PayPal button\" \/>\n<img decoding=\"async\" alt=\"\" border=\"0\" src=\"https:\/\/www.paypal.com\/en_DE\/i\/scr\/pixel.gif\" width=\"1\" height=\"1\" \/>\n<\/form>\n\t\t\t\t<\/div>\n\t\t\t\t<\/div>\n\t\t\t\t\t<\/div>\n\t\t\t\t<\/div>\n\t\t\t\t<\/div>","protected":false},"excerpt":{"rendered":"<p>Den Verein unterst\u00fctzen Auch SIE k\u00f6nnen den Verein unterst\u00fctzen: Werden Sie Mitglied. Der Jahresbeitrag betr\u00e4gt 80 Euro, erm\u00e4\u00dfigt 40 Euro, F\u00f6rdermitgliedschaft ab 20 Euro. \u00dcbernehmen Sie die Schulgeb\u00fchren f\u00fcr ein Kind, 180 Euro im Jahr. In diesem Betrag sind die Schuluniform und die Schulb\u00fccher enthalten Spenden in jeglicher H\u00f6he Bankverbindung: Sparkasse EssenIBAN: DE41 3605 0105 [&hellip;]<\/p>\n","protected":false},"author":1,"featured_media":0,"parent":19,"menu_order":2,"comment_status":"closed","ping_status":"closed","template":"","meta":{"footnotes":""},"class_list":["post-40","page","type-page","status-publish","hentry"],"_links":{"self":[{"href":"https:\/\/liberia-ev.de\/en\/wp-json\/wp\/v2\/pages\/40","targetHints":{"allow":["GET"]}}],"collection":[{"href":"https:\/\/liberia-ev.de\/en\/wp-json\/wp\/v2\/pages"}],"about":[{"href":"https:\/\/liberia-ev.de\/en\/wp-json\/wp\/v2\/types\/page"}],"author":[{"embeddable":true,"href":"https:\/\/liberia-ev.de\/en\/wp-json\/wp\/v2\/users\/1"}],"replies":[{"embeddable":true,"href":"https:\/\/liberia-ev.de\/en\/wp-json\/wp\/v2\/comments?post=40"}],"version-history":[{"count":49,"href":"https:\/\/liberia-ev.de\/en\/wp-json\/wp\/v2\/pages\/40\/revisions"}],"predecessor-version":[{"id":1338,"href":"https:\/\/liberia-ev.de\/en\/wp-json\/wp\/v2\/pages\/40\/revisions\/1338"}],"up":[{"embeddable":true,"href":"https:\/\/liberia-ev.de\/en\/wp-json\/wp\/v2\/pages\/19"}],"wp:attachment":[{"href":"https:\/\/liberia-ev.de\/en\/wp-json\/wp\/v2\/media?parent=40"}],"curies":[{"name":"wp","href":"https:\/\/api.w.org\/{rel}","templated":true}]}}