{"id":38,"date":"2025-04-22T15:05:16","date_gmt":"2025-04-22T13:05:16","guid":{"rendered":"https:\/\/liberia-ev.de\/der-verein\/verwendung-der-spenden\/"},"modified":"2026-02-09T15:39:34","modified_gmt":"2026-02-09T14:39:34","slug":"use-of-donations","status":"publish","type":"page","link":"https:\/\/liberia-ev.de\/en\/der-verein\/verwendung-der-spenden\/","title":{"rendered":"Use of donations"},"content":{"rendered":"<div data-elementor-type=\"wp-page\" data-elementor-id=\"38\" class=\"elementor elementor-38\" data-elementor-post-type=\"page\">\n\t\t\t\t<div class=\"elementor-element elementor-element-110f21f9 e-flex e-con-boxed e-con e-parent\" data-id=\"110f21f9\" data-element_type=\"container\" data-e-type=\"container\">\n\t\t\t\t\t<div class=\"e-con-inner\">\n\t\t\t\t<div class=\"elementor-element elementor-element-1f1c9adb elementor-widget elementor-widget-heading\" data-id=\"1f1c9adb\" data-element_type=\"widget\" data-e-type=\"widget\" data-widget_type=\"heading.default\">\n\t\t\t\t<div class=\"elementor-widget-container\">\n\t\t\t\t\t<h2 class=\"elementor-heading-title elementor-size-default\">Use of donations<\/h2>\t\t\t\t<\/div>\n\t\t\t\t<\/div>\n\t\t\t\t<div class=\"elementor-element elementor-element-27cf9f76 elementor-widget elementor-widget-text-editor\" data-id=\"27cf9f76\" data-element_type=\"widget\" data-e-type=\"widget\" data-widget_type=\"text-editor.default\">\n\t\t\t\t<div class=\"elementor-widget-container\">\n\t\t\t\t\t\t\t\t\t<p>Liberia e.V. -Hilfe zur Selbsthilfe - based in Essen works only with volunteers, with the exception of low administrative costs (office supplies, etc.), all funds are used - almost 100% in the sense of the charitable statutory objectives.<\/p><p>Donation receipts are issued regularly at the end of the year starting from \u20ac 200,-; for smaller donations the transfer receipt is sufficient with the tax return. On request, we also issue receipts for donations.<\/p><p>Essen Local Court<br \/>Register of associations 5287<\/p><p>Tax office Essen-Nord<br \/>Tax number 111\/5786\/3658<\/p><p>Freistellungsbescheid des Finanzamtes vom 02.07.2024:<br \/>We are exempt from corporate income tax pursuant to Section 60a (1) of the German Corporate Income Tax Act (K\u00f6rperschaftsteuergesetz - AO) by way of a separate determination of compliance with the statutory requirements pursuant to Sections 51, 59, 60 and 61 of the German Corporate Income Tax Act (K\u00f6rperschaftsteuergesetz).<\/p>\t\t\t\t\t\t\t\t<\/div>\n\t\t\t\t<\/div>\n\t\t\t\t\t<\/div>\n\t\t\t\t<\/div>\n\t\t\t\t<\/div>","protected":false},"excerpt":{"rendered":"<p>Verwendung der Spenden Liberia e.V. -Hilfe zur Selbsthilfe- mit Sitz in Essen arbeitet nur mit ehrenamtlichen Mitarbeitern, bis auf geringe Verwaltungskosten (B\u00fcrobedarf, etc.) werden alle Mittel &#8211; nahezu 100% im Sinne der gemeinn\u00fctzigen Satzungsziele eingesetzt. Spendenbescheinigungen werden regelm\u00e4\u00dfig zum Jahresende ab \u20ac 200,- ausgestellt; f\u00fcr geringere Spenden reicht der \u00dcberweisungsbeleg bei der Steuererkl\u00e4rung. Auf Wunsch [&hellip;]<\/p>\n","protected":false},"author":1,"featured_media":0,"parent":19,"menu_order":1,"comment_status":"closed","ping_status":"closed","template":"","meta":{"footnotes":""},"class_list":["post-38","page","type-page","status-publish","hentry"],"_links":{"self":[{"href":"https:\/\/liberia-ev.de\/en\/wp-json\/wp\/v2\/pages\/38","targetHints":{"allow":["GET"]}}],"collection":[{"href":"https:\/\/liberia-ev.de\/en\/wp-json\/wp\/v2\/pages"}],"about":[{"href":"https:\/\/liberia-ev.de\/en\/wp-json\/wp\/v2\/types\/page"}],"author":[{"embeddable":true,"href":"https:\/\/liberia-ev.de\/en\/wp-json\/wp\/v2\/users\/1"}],"replies":[{"embeddable":true,"href":"https:\/\/liberia-ev.de\/en\/wp-json\/wp\/v2\/comments?post=38"}],"version-history":[{"count":10,"href":"https:\/\/liberia-ev.de\/en\/wp-json\/wp\/v2\/pages\/38\/revisions"}],"predecessor-version":[{"id":1482,"href":"https:\/\/liberia-ev.de\/en\/wp-json\/wp\/v2\/pages\/38\/revisions\/1482"}],"up":[{"embeddable":true,"href":"https:\/\/liberia-ev.de\/en\/wp-json\/wp\/v2\/pages\/19"}],"wp:attachment":[{"href":"https:\/\/liberia-ev.de\/en\/wp-json\/wp\/v2\/media?parent=38"}],"curies":[{"name":"wp","href":"https:\/\/api.w.org\/{rel}","templated":true}]}}