{"id":36,"date":"2025-04-22T15:05:16","date_gmt":"2025-04-22T13:05:16","guid":{"rendered":"https:\/\/liberia-ev.de\/der-verein\/liberia\/"},"modified":"2026-02-09T15:32:39","modified_gmt":"2026-02-09T14:32:39","slug":"liberia","status":"publish","type":"page","link":"https:\/\/liberia-ev.de\/en\/der-verein\/liberia\/","title":{"rendered":"Liberia"},"content":{"rendered":"<div data-elementor-type=\"wp-page\" data-elementor-id=\"36\" class=\"elementor elementor-36\" data-elementor-post-type=\"page\">\n\t\t\t\t<div class=\"elementor-element elementor-element-63145554 e-flex e-con-boxed e-con e-parent\" data-id=\"63145554\" data-element_type=\"container\" data-e-type=\"container\">\n\t\t\t\t\t<div class=\"e-con-inner\">\n\t\t\t\t<div class=\"elementor-element elementor-element-d6febf4 elementor-widget elementor-widget-heading\" data-id=\"d6febf4\" data-element_type=\"widget\" data-e-type=\"widget\" data-widget_type=\"heading.default\">\n\t\t\t\t<div class=\"elementor-widget-container\">\n\t\t\t\t\t<h2 class=\"elementor-heading-title elementor-size-default\">Liberia - the country<\/h2>\t\t\t\t<\/div>\n\t\t\t\t<\/div>\n\t\t\t\t<div class=\"elementor-element elementor-element-9171f32 elementor-widget elementor-widget-image\" data-id=\"9171f32\" data-element_type=\"widget\" data-e-type=\"widget\" data-widget_type=\"image.default\">\n\t\t\t\t<div class=\"elementor-widget-container\">\n\t\t\t\t\t\t\t\t\t\t\t\t\t\t\t<img fetchpriority=\"high\" decoding=\"async\" width=\"600\" height=\"658\" src=\"https:\/\/liberia-ev.de\/wp-content\/uploads\/2025\/04\/csm_KarteLiberia_7059828980.gif\" class=\"attachment-large size-large wp-image-443\" alt=\"\" \/>\t\t\t\t\t\t\t\t\t\t\t\t\t\t\t<\/div>\n\t\t\t\t<\/div>\n\t\t\t\t<div class=\"elementor-element elementor-element-5ccb7c41 elementor-widget elementor-widget-text-editor\" data-id=\"5ccb7c41\" data-element_type=\"widget\" data-e-type=\"widget\" data-widget_type=\"text-editor.default\">\n\t\t\t\t<div class=\"elementor-widget-container\">\n\t\t\t\t\t\t\t\t\t<p>The Republic of Liberia is a state in West Africa on the Atlantic coast. It borders onto the Ivory Coast, Guinea and Sierra Leone. Liberia lies predominantly in the tropical zone with rain forests, the majority of which has been cleared. The interior of Liberia consists mainly of mountainous terrain. The highest point is Mount Wuteve (1,400 m) in the north of the country.<\/p><p>Laut einer Sch\u00e4tzung aus dem Jahr 2023 leben zur Zeit etwas 5,5 Millionen Menschen in Liberia.<\/p><p>The population growth rate is 2.1 percent per annum. The Republic of Liberia was part of a project since 1821 for the settlement of former Afro-American slaves from the United States. Liberia had already achieved independence by 1847. Despite this model status of an African society as nation of self-determination, the country was characterized by conflicts between the descendants of former Afro-American slaves and long-established ethnic groups. From 1989 to 2013, Liberia was in a state of military-based civil war which had a counter-productive effect on overall development.<\/p><p>After more than ten years in a state of war, it was possible to at least reach a peace agreement.<\/p><p>Finally, in November 2005, the first free elections were held which have led to a change in the political landscape. Many of the social and political transformations required to achieve a market-oriented, socially fair and democratic society, however, continue to be in the starting blocks. These include a public health system that is capable of achieving the various needs of the very heterogeneous and impoverished population.<\/p><p>Sources for the more recent history of Liberia:<br \/><a href=\"https:\/\/de.wikipedia.org\/wiki\/Geschichte_Liberias\">wikipedia.org<\/a><\/p><p><strong>Healthcare<\/strong><\/p><p>Bereits vor Ausbruch des B\u00fcrgerkrieges war die medizinische Grundversorgung f\u00fcr die Bev\u00f6lkerung unzureichend. Nach aktuell vorliegenden Erkenntnissen wird gesch\u00e4tzt, dass<\/p><ul><li>weniger als 50 Prozent der Liberianer Zugang zur medizinischen Versorgung haben; vor dem Krieg waren es 30 Prozent<\/li><li>die \u201eUnter-F\u00fcnf-Jahre\u201c Sterberate (bei 1.000 Lebendgeburten) bei 73 liegt die Kindersterblichkeitsrate (bei 1.000 Lebendgeburten) bei 71 liegt die Muttersterblichkeitsrate (bei 100.000 Lebendgeburten) bei 750 liegt<\/li><li>\u00fcbertragbare Krankheiten wie z.B. Malaria, Diarrh\u00f6, akute Atemwegsinfektionen und Masern die Hauptursache von Krankheit und Tod sind. Allein an Malaria sterben j\u00e4hrlich etwa 3300 bis 3500 Menschen.<\/li><li>HIV frequency among adults (between 15 and 49 years of age) is at 1.5 percent<\/li><li>die HIV-H\u00e4ufigkeit bei jungen Frauen bzw. M\u00e4nnern (zwischen 15 und 49 Jahren) bei 0,6\u00a0 liegt<\/li><li>die HIV-H\u00e4ufigkeit bei Schwangeren bei 0,7 Prozent liegt<\/li><\/ul><p>In Liberia gibt es statistisch einen Arzt f\u00fcr 15.000 bis 20.000 Menschen. Quelle: <a href=\"http:\/\/www.seejph.com\/index.php\/seejph\/article\/view\/125#:~:text=The%20health%20workforce%20of%20Liberia%20comprises%2011.8,the%20counties%20range%20from%208.0%20to%2015.7.\">South Eastern Euroean Journal of Public Health.<\/a><\/p><p>Trotz der hohen Zahlen gibt es einen Aufw\u00e4rtstrend, die Situation verbessert sich langsam aber sie verbessert sich.<\/p><p>Genau an dieser Entwicklung ist das GERLIB HEALTH CENTER beteiligt und treibt diese weiter voran.<\/p><p>In erster Linie geht es darum, medizinische Dienstleistungen in Zubah-Town, einem Stadtteil von Monrovia\/Paynesville, f\u00fcr besonders arme Teile der Bev\u00f6lkerung anzubieten. Zudem wird proaktiv elementares Wissen \u00fcber Hygiene und gesundheitliche Vorsorge vermittelt. Au\u00dferdem bietet das GERLIB HEALTH CENTER die M\u00f6glichkeit, lokales Fachpersonal auszubilden.<\/p><p>\u00a0<\/p>\t\t\t\t\t\t\t\t<\/div>\n\t\t\t\t<\/div>\n\t\t\t\t\t<\/div>\n\t\t\t\t<\/div>\n\t\t\t\t<\/div>","protected":false},"excerpt":{"rendered":"<p>Das Land Liberia Die Republik Liberia ist ein Staat in Westafrika an der Atlantikk\u00fcste. Er grenzt an die Elfenbeink\u00fcste, Guinea und Sierra Leone. Liberia liegt \u00fcberwiegend in der tropischen Zone mit Regenwald, der zu gro\u00dfen Teilen gerodet wurde. Das Innere Liberias besteht gr\u00f6\u00dftenteils aus Bergland. Die h\u00f6chste Erhebung ist der Mount Wuteve (1.440 m) im [&hellip;]<\/p>\n","protected":false},"author":1,"featured_media":0,"parent":19,"menu_order":0,"comment_status":"closed","ping_status":"closed","template":"","meta":{"footnotes":""},"class_list":["post-36","page","type-page","status-publish","hentry"],"_links":{"self":[{"href":"https:\/\/liberia-ev.de\/en\/wp-json\/wp\/v2\/pages\/36","targetHints":{"allow":["GET"]}}],"collection":[{"href":"https:\/\/liberia-ev.de\/en\/wp-json\/wp\/v2\/pages"}],"about":[{"href":"https:\/\/liberia-ev.de\/en\/wp-json\/wp\/v2\/types\/page"}],"author":[{"embeddable":true,"href":"https:\/\/liberia-ev.de\/en\/wp-json\/wp\/v2\/users\/1"}],"replies":[{"embeddable":true,"href":"https:\/\/liberia-ev.de\/en\/wp-json\/wp\/v2\/comments?post=36"}],"version-history":[{"count":40,"href":"https:\/\/liberia-ev.de\/en\/wp-json\/wp\/v2\/pages\/36\/revisions"}],"predecessor-version":[{"id":1475,"href":"https:\/\/liberia-ev.de\/en\/wp-json\/wp\/v2\/pages\/36\/revisions\/1475"}],"up":[{"embeddable":true,"href":"https:\/\/liberia-ev.de\/en\/wp-json\/wp\/v2\/pages\/19"}],"wp:attachment":[{"href":"https:\/\/liberia-ev.de\/en\/wp-json\/wp\/v2\/media?parent=36"}],"curies":[{"name":"wp","href":"https:\/\/api.w.org\/{rel}","templated":true}]}}