{"id":27,"date":"2025-04-22T15:03:11","date_gmt":"2025-04-22T13:03:11","guid":{"rendered":"https:\/\/liberia-ev.de\/kooperationspartner\/"},"modified":"2025-04-23T15:16:36","modified_gmt":"2025-04-23T13:16:36","slug":"cooperation-partner","status":"publish","type":"page","link":"https:\/\/liberia-ev.de\/en\/kooperationspartner\/","title":{"rendered":"Cooperation partner"},"content":{"rendered":"<div data-elementor-type=\"wp-page\" data-elementor-id=\"27\" class=\"elementor elementor-27\" data-elementor-post-type=\"page\">\n\t\t\t\t<div class=\"elementor-element elementor-element-6119ec17 e-flex e-con-boxed e-con e-parent\" data-id=\"6119ec17\" data-element_type=\"container\" data-e-type=\"container\">\n\t\t\t\t\t<div class=\"e-con-inner\">\n\t\t\t\t<div class=\"elementor-element elementor-element-337dfc5e elementor-widget elementor-widget-heading\" data-id=\"337dfc5e\" data-element_type=\"widget\" data-e-type=\"widget\" data-widget_type=\"heading.default\">\n\t\t\t\t<div class=\"elementor-widget-container\">\n\t\t\t\t\t<h2 class=\"elementor-heading-title elementor-size-default\">Liberia e.V. is supported by<\/h2>\t\t\t\t<\/div>\n\t\t\t\t<\/div>\n\t\t\t\t<div class=\"elementor-element elementor-element-62fc7c2a elementor-widget elementor-widget-text-editor\" data-id=\"62fc7c2a\" data-element_type=\"widget\" data-e-type=\"widget\" data-widget_type=\"text-editor.default\">\n\t\t\t\t<div class=\"elementor-widget-container\">\n\t\t\t\t\t\t\t\t\t<ul>\n \t<li><a title=\"Opens internal link in current window\" href=\"http:\/\/www.rc-oberhausen.de\/\" target=\"_blank\" rel=\"noopener\">Rotary Club<\/a>, Oberhausen<\/li>\n\n<li><a title=\"Opens internal link in current window\" href=\"https:\/\/medeor.de\/de\/\" target=\"_blank\" rel=\"noopener\">action medeor<\/a>, T\u00f6nisvorst<\/li>\n\n \t<li>Ingrid Bugla, Atelier Buglart, Essen,\u00a0<a href=\"https:\/\/www.buglart.de\/spendenaktion\" target=\"_blank\" rel=\"noopener\">www.buglart.de\/spendenaktion<\/a><\/li>\n \t<li>Welthungerhilfe, Berlin<\/li>\n<\/ul>\t\t\t\t\t\t\t\t<\/div>\n\t\t\t\t<\/div>\n\t\t\t\t<div class=\"elementor-element elementor-element-828f294 elementor-widget elementor-widget-spacer\" data-id=\"828f294\" data-element_type=\"widget\" data-e-type=\"widget\" data-widget_type=\"spacer.default\">\n\t\t\t\t<div class=\"elementor-widget-container\">\n\t\t\t\t\t\t\t<div class=\"elementor-spacer\">\n\t\t\t<div class=\"elementor-spacer-inner\"><\/div>\n\t\t<\/div>\n\t\t\t\t\t\t<\/div>\n\t\t\t\t<\/div>\n\t\t\t\t\t<\/div>\n\t\t\t\t<\/div>\n\t\t\t\t<\/div>","protected":false},"excerpt":{"rendered":"<p>Unterst\u00fctzung erh\u00e4lt der Liberia e.V. von folgenden Kooperationspartnern Rotary Club, Oberhausen action medeor, T\u00f6nisvorst Ingrid Bugla, Atelier Buglart, Essen,\u00a0www.buglart.de\/spendenaktion Welthungerhilfe, Berlin<\/p>","protected":false},"author":1,"featured_media":0,"parent":0,"menu_order":8,"comment_status":"closed","ping_status":"closed","template":"","meta":{"footnotes":""},"class_list":["post-27","page","type-page","status-publish","hentry"],"_links":{"self":[{"href":"https:\/\/liberia-ev.de\/en\/wp-json\/wp\/v2\/pages\/27","targetHints":{"allow":["GET"]}}],"collection":[{"href":"https:\/\/liberia-ev.de\/en\/wp-json\/wp\/v2\/pages"}],"about":[{"href":"https:\/\/liberia-ev.de\/en\/wp-json\/wp\/v2\/types\/page"}],"author":[{"embeddable":true,"href":"https:\/\/liberia-ev.de\/en\/wp-json\/wp\/v2\/users\/1"}],"replies":[{"embeddable":true,"href":"https:\/\/liberia-ev.de\/en\/wp-json\/wp\/v2\/comments?post=27"}],"version-history":[{"count":25,"href":"https:\/\/liberia-ev.de\/en\/wp-json\/wp\/v2\/pages\/27\/revisions"}],"predecessor-version":[{"id":271,"href":"https:\/\/liberia-ev.de\/en\/wp-json\/wp\/v2\/pages\/27\/revisions\/271"}],"wp:attachment":[{"href":"https:\/\/liberia-ev.de\/en\/wp-json\/wp\/v2\/media?parent=27"}],"curies":[{"name":"wp","href":"https:\/\/api.w.org\/{rel}","templated":true}]}}