{"id":25,"date":"2025-04-22T15:03:11","date_gmt":"2025-04-22T13:03:11","guid":{"rendered":"https:\/\/liberia-ev.de\/magif-community-school\/"},"modified":"2025-04-24T13:24:20","modified_gmt":"2025-04-24T11:24:20","slug":"magif-community-school","status":"publish","type":"page","link":"https:\/\/liberia-ev.de\/en\/magif-community-school\/","title":{"rendered":"MAGIF COMMUNITY SCHOOL"},"content":{"rendered":"<div data-elementor-type=\"wp-page\" data-elementor-id=\"25\" class=\"elementor elementor-25\" data-elementor-post-type=\"page\">\n\t\t\t\t<div class=\"elementor-element elementor-element-7c4d2887 e-flex e-con-boxed e-con e-parent\" data-id=\"7c4d2887\" data-element_type=\"container\" data-e-type=\"container\">\n\t\t\t\t\t<div class=\"e-con-inner\">\n\t\t\t\t<div class=\"elementor-element elementor-element-1433b0db elementor-widget elementor-widget-heading\" data-id=\"1433b0db\" data-element_type=\"widget\" data-e-type=\"widget\" data-widget_type=\"heading.default\">\n\t\t\t\t<div class=\"elementor-widget-container\">\n\t\t\t\t\t<h2 class=\"elementor-heading-title elementor-size-default\">MAGIF COMMUNITY SCHOOL<\/h2>\t\t\t\t<\/div>\n\t\t\t\t<\/div>\n\t\t\t\t\t<\/div>\n\t\t\t\t<\/div>\n\t\t<div class=\"elementor-element elementor-element-7b6d81a3 e-flex e-con-boxed e-con e-parent\" data-id=\"7b6d81a3\" data-element_type=\"container\" data-e-type=\"container\">\n\t\t\t\t\t<div class=\"e-con-inner\">\n\t\t<div class=\"elementor-element elementor-element-65403f8b e-con-full e-flex e-con e-child\" data-id=\"65403f8b\" data-element_type=\"container\" data-e-type=\"container\">\n\t\t\t\t<div class=\"elementor-element elementor-element-394b1063 elementor-widget elementor-widget-text-editor\" data-id=\"394b1063\" data-element_type=\"widget\" data-e-type=\"widget\" data-widget_type=\"text-editor.default\">\n\t\t\t\t<div class=\"elementor-widget-container\">\n\t\t\t\t\t\t\t\t\t<p>In 2009, the GERLIB COMMUNITY CENTER, now MAGIF COMMUNITY SCHOOL, was built in a rented residential building that is still in use today.\u00a0<br \/>This was made possible by financing the non-governmental organisation \"Take the children from the Road\", Verl, personal friends and the German Embassy in Monrovia. On 14 November 2009, the playground was inaugurated by the German ambassador, Ilse Lindemann-Macha.\u00a0<br \/>The team of the GERLIB COMMUNITY CENTER has started the Early Childhood Program. A registration at the Ministry of Education took place and thus a change of name took place and is now called MAGIF (Margret Gieraths-Nimene Foundation) COMMUNITY SCHOOL.<br \/>The project is financed by friends and sponsors of the association Liberia e.V., Essen.<\/p>\t\t\t\t\t\t\t\t<\/div>\n\t\t\t\t<\/div>\n\t\t\t\t<\/div>\n\t\t<div class=\"elementor-element elementor-element-6822817f e-con-full e-flex e-con e-child\" data-id=\"6822817f\" data-element_type=\"container\" data-e-type=\"container\">\n\t\t\t\t<div class=\"elementor-element elementor-element-5bb9b28e elementor-widget elementor-widget-gallery\" data-id=\"5bb9b28e\" data-element_type=\"widget\" data-e-type=\"widget\" data-settings=\"{&quot;columns&quot;:1,&quot;columns_tablet&quot;:1,&quot;lazyload&quot;:&quot;yes&quot;,&quot;gallery_layout&quot;:&quot;grid&quot;,&quot;columns_mobile&quot;:1,&quot;gap&quot;:{&quot;unit&quot;:&quot;px&quot;,&quot;size&quot;:10,&quot;sizes&quot;:[]},&quot;gap_tablet&quot;:{&quot;unit&quot;:&quot;px&quot;,&quot;size&quot;:10,&quot;sizes&quot;:[]},&quot;gap_mobile&quot;:{&quot;unit&quot;:&quot;px&quot;,&quot;size&quot;:10,&quot;sizes&quot;:[]},&quot;link_to&quot;:&quot;file&quot;,&quot;aspect_ratio&quot;:&quot;3:2&quot;,&quot;overlay_background&quot;:&quot;yes&quot;,&quot;content_hover_animation&quot;:&quot;fade-in&quot;}\" data-widget_type=\"gallery.default\">\n\t\t\t\t<div class=\"elementor-widget-container\">\n\t\t\t\t\t\t\t<div class=\"elementor-gallery__container\">\n\t\t\t\t\t\t\t<a class=\"e-gallery-item elementor-gallery-item elementor-animated-content\" href=\"https:\/\/liberia-ev.de\/wp-content\/uploads\/2025\/04\/KleineKinder.jpg\" data-elementor-open-lightbox=\"yes\" data-elementor-lightbox-slideshow=\"5bb9b28e\" data-elementor-lightbox-title=\"KleineKinder\" data-e-action-hash=\"#elementor-action%3Aaction%3Dlightbox%26settings%3DeyJpZCI6MzI3LCJ1cmwiOiJodHRwczpcL1wvbGliZXJpYS1ldi5kZVwvd3AtY29udGVudFwvdXBsb2Fkc1wvMjAyNVwvMDRcL0tsZWluZUtpbmRlci5qcGciLCJzbGlkZXNob3ciOiI1YmI5YjI4ZSJ9\">\n\t\t\t\t\t<div class=\"e-gallery-image elementor-gallery-item__image\" data-thumbnail=\"https:\/\/liberia-ev.de\/wp-content\/uploads\/2025\/04\/KleineKinder-768x576.jpg\" data-width=\"768\" data-height=\"576\" aria-label=\"\" role=\"img\" ><\/div>\n\t\t\t\t\t\t\t\t\t\t\t<div class=\"elementor-gallery-item__overlay\"><\/div>\n\t\t\t\t\t\t\t\t\t\t\t\t\t\t<\/a>\n\t\t\t\t\t\t\t<a class=\"e-gallery-item elementor-gallery-item elementor-animated-content\" href=\"https:\/\/liberia-ev.de\/wp-content\/uploads\/2025\/04\/Unterricht02.jpg\" data-elementor-open-lightbox=\"yes\" data-elementor-lightbox-slideshow=\"5bb9b28e\" data-elementor-lightbox-title=\"Unterricht02\" data-e-action-hash=\"#elementor-action%3Aaction%3Dlightbox%26settings%3DeyJpZCI6MzI4LCJ1cmwiOiJodHRwczpcL1wvbGliZXJpYS1ldi5kZVwvd3AtY29udGVudFwvdXBsb2Fkc1wvMjAyNVwvMDRcL1VudGVycmljaHQwMi5qcGciLCJzbGlkZXNob3ciOiI1YmI5YjI4ZSJ9\">\n\t\t\t\t\t<div class=\"e-gallery-image elementor-gallery-item__image\" data-thumbnail=\"https:\/\/liberia-ev.de\/wp-content\/uploads\/2025\/04\/Unterricht02-768x576.jpg\" data-width=\"768\" data-height=\"576\" aria-label=\"\" role=\"img\" ><\/div>\n\t\t\t\t\t\t\t\t\t\t\t<div class=\"elementor-gallery-item__overlay\"><\/div>\n\t\t\t\t\t\t\t\t\t\t\t\t\t\t<\/a>\n\t\t\t\t\t<\/div>\n\t\t\t\t\t<\/div>\n\t\t\t\t<\/div>\n\t\t\t\t<\/div>\n\t\t\t\t\t<\/div>\n\t\t\t\t<\/div>\n\t\t<div class=\"elementor-element elementor-element-7da632ce e-flex e-con-boxed e-con e-parent\" data-id=\"7da632ce\" data-element_type=\"container\" data-e-type=\"container\">\n\t\t\t\t\t<div class=\"e-con-inner\">\n\t\t<div class=\"elementor-element elementor-element-6cac6360 e-con-full e-flex e-con e-child\" data-id=\"6cac6360\" data-element_type=\"container\" data-e-type=\"container\">\n\t\t\t\t<div class=\"elementor-element elementor-element-771150ff elementor-widget elementor-widget-heading\" data-id=\"771150ff\" data-element_type=\"widget\" data-e-type=\"widget\" data-widget_type=\"heading.default\">\n\t\t\t\t<div class=\"elementor-widget-container\">\n\t\t\t\t\t<h4 class=\"elementor-heading-title elementor-size-default\">The new school building is finished!<\/h4>\t\t\t\t<\/div>\n\t\t\t\t<\/div>\n\t\t\t\t<div class=\"elementor-element elementor-element-f319b1a elementor-widget elementor-widget-text-editor\" data-id=\"f319b1a\" data-element_type=\"widget\" data-e-type=\"widget\" data-widget_type=\"text-editor.default\">\n\t\t\t\t<div class=\"elementor-widget-container\">\n\t\t\t\t\t\t\t\t\t\n<p>It's a real pleasure how beautiful the new house has become.<\/p>\n<p>Many children visit the new MAGIF COMMUNITY SCHOOL<\/p>\n<p>Classes began on 16 September and to date 83 children from Zubah Town and surrounding communities have registered. Everyone receives a hot meal every day, financed by Welthungerhilfe.<\/p>\n<p>The rooms are large and bright, there is a solar system on the roof and there is also a generator for electricity.<\/p>\n<p>Even the playground has been finished so that the children can play on the site.<\/p>\n\t\t\t\t\t\t\t\t<\/div>\n\t\t\t\t<\/div>\n\t\t\t\t<\/div>\n\t\t<div class=\"elementor-element elementor-element-114faa88 e-con-full e-flex e-con e-child\" data-id=\"114faa88\" data-element_type=\"container\" data-e-type=\"container\">\n\t\t\t\t<div class=\"elementor-element elementor-element-7c8b270f elementor-widget elementor-widget-gallery\" data-id=\"7c8b270f\" data-element_type=\"widget\" data-e-type=\"widget\" data-settings=\"{&quot;columns&quot;:1,&quot;columns_tablet&quot;:1,&quot;lazyload&quot;:&quot;yes&quot;,&quot;gallery_layout&quot;:&quot;grid&quot;,&quot;columns_mobile&quot;:1,&quot;gap&quot;:{&quot;unit&quot;:&quot;px&quot;,&quot;size&quot;:10,&quot;sizes&quot;:[]},&quot;gap_tablet&quot;:{&quot;unit&quot;:&quot;px&quot;,&quot;size&quot;:10,&quot;sizes&quot;:[]},&quot;gap_mobile&quot;:{&quot;unit&quot;:&quot;px&quot;,&quot;size&quot;:10,&quot;sizes&quot;:[]},&quot;link_to&quot;:&quot;file&quot;,&quot;aspect_ratio&quot;:&quot;3:2&quot;,&quot;overlay_background&quot;:&quot;yes&quot;,&quot;content_hover_animation&quot;:&quot;fade-in&quot;}\" data-widget_type=\"gallery.default\">\n\t\t\t\t<div class=\"elementor-widget-container\">\n\t\t\t\t\t\t\t<div class=\"elementor-gallery__container\">\n\t\t\t\t\t\t\t<a class=\"e-gallery-item elementor-gallery-item elementor-animated-content\" href=\"https:\/\/liberia-ev.de\/wp-content\/uploads\/2025\/04\/csm_Schulgebaudekleiner_de1a938f9b.jpg\" data-elementor-open-lightbox=\"yes\" data-elementor-lightbox-slideshow=\"7c8b270f\" data-elementor-lightbox-title=\"csm_Schulgebaudekleiner_de1a938f9b\" data-e-action-hash=\"#elementor-action%3Aaction%3Dlightbox%26settings%3DeyJpZCI6MzM1LCJ1cmwiOiJodHRwczpcL1wvbGliZXJpYS1ldi5kZVwvd3AtY29udGVudFwvdXBsb2Fkc1wvMjAyNVwvMDRcL2NzbV9TY2h1bGdlYmF1ZGVrbGVpbmVyX2RlMWE5MzhmOWIuanBnIiwic2xpZGVzaG93IjoiN2M4YjI3MGYifQ%3D%3D\">\n\t\t\t\t\t<div class=\"e-gallery-image elementor-gallery-item__image\" data-thumbnail=\"https:\/\/liberia-ev.de\/wp-content\/uploads\/2025\/04\/csm_Schulgebaudekleiner_de1a938f9b-768x576.jpg\" data-width=\"768\" data-height=\"576\" aria-label=\"\" role=\"img\" ><\/div>\n\t\t\t\t\t\t\t\t\t\t\t<div class=\"elementor-gallery-item__overlay\"><\/div>\n\t\t\t\t\t\t\t\t\t\t\t\t\t\t<\/a>\n\t\t\t\t\t\t\t<a class=\"e-gallery-item elementor-gallery-item elementor-animated-content\" href=\"https:\/\/liberia-ev.de\/wp-content\/uploads\/2025\/04\/dieneuenKinder.jpg\" data-elementor-open-lightbox=\"yes\" data-elementor-lightbox-slideshow=\"7c8b270f\" data-elementor-lightbox-title=\"dieneuenKinder\" data-e-action-hash=\"#elementor-action%3Aaction%3Dlightbox%26settings%3DeyJpZCI6MzM2LCJ1cmwiOiJodHRwczpcL1wvbGliZXJpYS1ldi5kZVwvd3AtY29udGVudFwvdXBsb2Fkc1wvMjAyNVwvMDRcL2RpZW5ldWVuS2luZGVyLmpwZyIsInNsaWRlc2hvdyI6IjdjOGIyNzBmIn0%3D\">\n\t\t\t\t\t<div class=\"e-gallery-image elementor-gallery-item__image\" data-thumbnail=\"https:\/\/liberia-ev.de\/wp-content\/uploads\/2025\/04\/dieneuenKinder-768x576.jpg\" data-width=\"768\" data-height=\"576\" aria-label=\"\" role=\"img\" ><\/div>\n\t\t\t\t\t\t\t\t\t\t\t<div class=\"elementor-gallery-item__overlay\"><\/div>\n\t\t\t\t\t\t\t\t\t\t\t\t\t\t<\/a>\n\t\t\t\t\t\t\t<a class=\"e-gallery-item elementor-gallery-item elementor-animated-content\" href=\"https:\/\/liberia-ev.de\/wp-content\/uploads\/2025\/04\/grossesKlassenzimmer.jpg\" data-elementor-open-lightbox=\"yes\" data-elementor-lightbox-slideshow=\"7c8b270f\" data-elementor-lightbox-title=\"grossesKlassenzimmer\" data-e-action-hash=\"#elementor-action%3Aaction%3Dlightbox%26settings%3DeyJpZCI6MzM3LCJ1cmwiOiJodHRwczpcL1wvbGliZXJpYS1ldi5kZVwvd3AtY29udGVudFwvdXBsb2Fkc1wvMjAyNVwvMDRcL2dyb3NzZXNLbGFzc2VuemltbWVyLmpwZyIsInNsaWRlc2hvdyI6IjdjOGIyNzBmIn0%3D\">\n\t\t\t\t\t<div class=\"e-gallery-image elementor-gallery-item__image\" data-thumbnail=\"https:\/\/liberia-ev.de\/wp-content\/uploads\/2025\/04\/grossesKlassenzimmer-768x576.jpg\" data-width=\"768\" data-height=\"576\" aria-label=\"\" role=\"img\" ><\/div>\n\t\t\t\t\t\t\t\t\t\t\t<div class=\"elementor-gallery-item__overlay\"><\/div>\n\t\t\t\t\t\t\t\t\t\t\t\t\t\t<\/a>\n\t\t\t\t\t<\/div>\n\t\t\t\t\t<\/div>\n\t\t\t\t<\/div>\n\t\t\t\t<\/div>\n\t\t\t\t\t<\/div>\n\t\t\t\t<\/div>\n\t\t\t\t<\/div>","protected":false},"excerpt":{"rendered":"<p>MAGIF COMMUNITY SCHOOL 2009 wurde das GERLIB COMMUNITY CENTER, nun\u00a0 MAGIF COMMUNITY SCHOOL, in einem angemieteten Wohnhaus errichtet, das bis zum heutigen Zeitpunkt genutzt wird.\u00a0Dies war durch die Finanzierung der Nichtregierungsorganisation &#8222;Take the children from the Road&#8220;, Verl, pers\u00f6nlichen Freunden und der Deutschen Botschaft in Monrovia m\u00f6glich. Am 14. November 2009 wurde der dazugeh\u00f6rige Spielplatz [&hellip;]<\/p>\n","protected":false},"author":1,"featured_media":0,"parent":0,"menu_order":7,"comment_status":"closed","ping_status":"closed","template":"","meta":{"footnotes":""},"class_list":["post-25","page","type-page","status-publish","hentry"],"_links":{"self":[{"href":"https:\/\/liberia-ev.de\/en\/wp-json\/wp\/v2\/pages\/25","targetHints":{"allow":["GET"]}}],"collection":[{"href":"https:\/\/liberia-ev.de\/en\/wp-json\/wp\/v2\/pages"}],"about":[{"href":"https:\/\/liberia-ev.de\/en\/wp-json\/wp\/v2\/types\/page"}],"author":[{"embeddable":true,"href":"https:\/\/liberia-ev.de\/en\/wp-json\/wp\/v2\/users\/1"}],"replies":[{"embeddable":true,"href":"https:\/\/liberia-ev.de\/en\/wp-json\/wp\/v2\/comments?post=25"}],"version-history":[{"count":13,"href":"https:\/\/liberia-ev.de\/en\/wp-json\/wp\/v2\/pages\/25\/revisions"}],"predecessor-version":[{"id":682,"href":"https:\/\/liberia-ev.de\/en\/wp-json\/wp\/v2\/pages\/25\/revisions\/682"}],"wp:attachment":[{"href":"https:\/\/liberia-ev.de\/en\/wp-json\/wp\/v2\/media?parent=25"}],"curies":[{"name":"wp","href":"https:\/\/api.w.org\/{rel}","templated":true}]}}